{"id":123,"date":"2024-05-16T05:37:35","date_gmt":"2024-05-16T05:37:35","guid":{"rendered":"https:\/\/demo.bosathemes.com\/bosa\/dental-care\/?page_id=469"},"modified":"2025-10-20T21:49:48","modified_gmt":"2025-10-20T21:49:48","slug":"services","status":"publish","type":"page","link":"https:\/\/ivcodent.ro\/en\/services\/","title":{"rendered":"Services"},"content":{"rendered":"<div data-elementor-type=\"wp-page\" data-elementor-id=\"123\" class=\"elementor elementor-123\">\n\t\t\t\t<div class=\"elementor-element elementor-element-ca58329 e-flex e-con-boxed e-con e-parent\" data-id=\"ca58329\" data-element_type=\"container\" data-settings=\"{&quot;background_background&quot;:&quot;classic&quot;}\">\n\t\t\t\t\t<div class=\"e-con-inner\">\n\t\t<div class=\"elementor-element elementor-element-7484aed e-flex e-con-boxed e-con e-child\" data-id=\"7484aed\" data-element_type=\"container\">\n\t\t\t\t\t<div class=\"e-con-inner\">\n\t\t\t\t<div class=\"elementor-element elementor-element-1edd8b4 elementor-widget elementor-widget-heading\" data-id=\"1edd8b4\" data-element_type=\"widget\" data-widget_type=\"heading.default\">\n\t\t\t\t<div class=\"elementor-widget-container\">\n\t\t\t\t\t<h2 class=\"elementor-heading-title elementor-size-default\">Our services<\/h2>\t\t\t\t<\/div>\n\t\t\t\t<\/div>\n\t\t\t\t\t<\/div>\n\t\t\t\t<\/div>\n\t\t\t\t\t<\/div>\n\t\t\t\t<\/div>\n\t\t<div class=\"elementor-element elementor-element-e1188b5 e-flex e-con-boxed e-con e-parent\" data-id=\"e1188b5\" data-element_type=\"container\">\n\t\t\t\t\t<div class=\"e-con-inner\">\n\t\t<div class=\"elementor-element elementor-element-bb2d716 e-flex e-con-boxed e-con e-child\" data-id=\"bb2d716\" data-element_type=\"container\">\n\t\t\t\t\t<div class=\"e-con-inner\">\n\t\t<div class=\"elementor-element elementor-element-e37dbc9 e-con-full e-flex e-con e-child\" data-id=\"e37dbc9\" data-element_type=\"container\" data-settings=\"{&quot;background_background&quot;:&quot;classic&quot;}\">\n\t\t\t\t<div class=\"elementor-element elementor-element-6f04d80 elementor-widget__width-initial elementor-widget elementor-widget-image\" data-id=\"6f04d80\" data-element_type=\"widget\" data-widget_type=\"image.default\">\n\t\t\t\t<div class=\"elementor-widget-container\">\n\t\t\t\t\t\t\t\t\t\t\t\t\t\t\t<img decoding=\"async\" src=\"https:\/\/demo.bosathemes.com\/bosa\/dental-care\/wp-content\/uploads\/sites\/113\/2024\/05\/bosa-dental-img13-48-48.png\" title=\"\" alt=\"\" loading=\"lazy\" \/>\t\t\t\t\t\t\t\t\t\t\t\t\t\t\t<\/div>\n\t\t\t\t<\/div>\n\t\t\t\t<div class=\"elementor-element elementor-element-0b77250 elementor-widget elementor-widget-elementskit-heading\" data-id=\"0b77250\" data-element_type=\"widget\" data-widget_type=\"elementskit-heading.default\">\n\t\t\t\t<div class=\"elementor-widget-container\">\n\t\t\t\t\t<div class=\"ekit-wid-con\" ><div class=\"ekit-heading elementskit-section-title-wraper text_center   ekit_heading_tablet-   ekit_heading_mobile-\"><h2 class=\"ekit-heading--title elementskit-section-title\">Oral Surgery<\/h2>\t\t\t\t<div class='ekit-heading__description'>\n\t\t\t\t\t<p>Using modern equipment and sterilization procedures in accordance with European protocols, we perform tooth extractions (including retained roots and wisdom teeth with prior radiographic examination), apical resections, sinus lift procedures, bone grafting, as well as dental implant surgery.<\/p>\n\t\t\t\t<\/div>\n\t\t\t<\/div><\/div>\t\t\t\t<\/div>\n\t\t\t\t<\/div>\n\t\t\t\t<\/div>\n\t\t<div class=\"elementor-element elementor-element-8120633 e-con-full e-flex e-con e-child\" data-id=\"8120633\" data-element_type=\"container\" data-settings=\"{&quot;background_background&quot;:&quot;classic&quot;}\">\n\t\t\t\t<div class=\"elementor-element elementor-element-d9a9d5f elementor-widget__width-initial elementor-widget elementor-widget-image\" data-id=\"d9a9d5f\" data-element_type=\"widget\" data-widget_type=\"image.default\">\n\t\t\t\t<div class=\"elementor-widget-container\">\n\t\t\t\t\t\t\t\t\t\t\t\t\t\t\t<img decoding=\"async\" src=\"https:\/\/demo.bosathemes.com\/bosa\/dental-care\/wp-content\/uploads\/sites\/113\/2024\/05\/bosa-dental-img12-48-48.png\" title=\"\" alt=\"\" loading=\"lazy\" \/>\t\t\t\t\t\t\t\t\t\t\t\t\t\t\t<\/div>\n\t\t\t\t<\/div>\n\t\t\t\t<div class=\"elementor-element elementor-element-6411347 elementor-widget elementor-widget-elementskit-heading\" data-id=\"6411347\" data-element_type=\"widget\" data-widget_type=\"elementskit-heading.default\">\n\t\t\t\t<div class=\"elementor-widget-container\">\n\t\t\t\t\t<div class=\"ekit-wid-con\" ><div class=\"ekit-heading elementskit-section-title-wraper text_center   ekit_heading_tablet-   ekit_heading_mobile-\"><h2 class=\"ekit-heading--title elementskit-section-title\">Dental Care &amp; Hygiene<\/h2>\t\t\t\t<div class='ekit-heading__description'>\n\t\t\t\t\t<p>With state-of-the-art equipment, our clinic offers oral hygiene packages that include professional scaling, brushing, and anti-inflammatory treatment, available per session or through an annual subscription designed to meet our patients\u2019 needs.<\/p>\n\t\t\t\t<\/div>\n\t\t\t<\/div><\/div>\t\t\t\t<\/div>\n\t\t\t\t<\/div>\n\t\t\t\t<\/div>\n\t\t<div class=\"elementor-element elementor-element-41223b2 e-con-full e-flex e-con e-child\" data-id=\"41223b2\" data-element_type=\"container\" data-settings=\"{&quot;background_background&quot;:&quot;classic&quot;}\">\n\t\t\t\t<div class=\"elementor-element elementor-element-f4acda3 elementor-widget__width-initial elementor-widget elementor-widget-image\" data-id=\"f4acda3\" data-element_type=\"widget\" data-widget_type=\"image.default\">\n\t\t\t\t<div class=\"elementor-widget-container\">\n\t\t\t\t\t\t\t\t\t\t\t\t\t\t\t<img decoding=\"async\" src=\"https:\/\/demo.bosathemes.com\/bosa\/dental-care\/wp-content\/uploads\/sites\/113\/2024\/05\/bosa-dental-img15-48-48.png\" title=\"\" alt=\"\" loading=\"lazy\" \/>\t\t\t\t\t\t\t\t\t\t\t\t\t\t\t<\/div>\n\t\t\t\t<\/div>\n\t\t\t\t<div class=\"elementor-element elementor-element-245d35f elementor-widget elementor-widget-elementskit-heading\" data-id=\"245d35f\" data-element_type=\"widget\" data-widget_type=\"elementskit-heading.default\">\n\t\t\t\t<div class=\"elementor-widget-container\">\n\t\t\t\t\t<div class=\"ekit-wid-con\" ><div class=\"ekit-heading elementskit-section-title-wraper text_center   ekit_heading_tablet-   ekit_heading_mobile-\"><h2 class=\"ekit-heading--title elementskit-section-title\">Cosmetic Dentistry<\/h2>\t\t\t\t<div class='ekit-heading__description'>\n\t\t\t\t\t<p>Procedures such as AirFlow (ProphyJet) cleaning, teeth whitening treatments, management of dental sensitivity, and preventive treatments through the application of fluoride varnishes and gels are suitable for patients of all ages, and our family packages include these services.<\/p>\n\t\t\t\t<\/div>\n\t\t\t<\/div><\/div>\t\t\t\t<\/div>\n\t\t\t\t<\/div>\n\t\t\t\t<\/div>\n\t\t\t\t\t<\/div>\n\t\t\t\t<\/div>\n\t\t<div class=\"elementor-element elementor-element-305bc74 e-flex e-con-boxed e-con e-child\" data-id=\"305bc74\" data-element_type=\"container\">\n\t\t\t\t\t<div class=\"e-con-inner\">\n\t\t<div class=\"elementor-element elementor-element-3b1ccdd e-con-full e-flex e-con e-child\" data-id=\"3b1ccdd\" data-element_type=\"container\" data-settings=\"{&quot;background_background&quot;:&quot;classic&quot;}\">\n\t\t\t\t<div class=\"elementor-element elementor-element-73e420f elementor-widget__width-initial elementor-widget elementor-widget-image\" data-id=\"73e420f\" data-element_type=\"widget\" data-widget_type=\"image.default\">\n\t\t\t\t<div class=\"elementor-widget-container\">\n\t\t\t\t\t\t\t\t\t\t\t\t\t\t\t<img decoding=\"async\" src=\"https:\/\/demo.bosathemes.com\/bosa\/dental-care\/wp-content\/uploads\/sites\/113\/2024\/05\/bosa-dental-img14-48-48.png\" title=\"\" alt=\"\" loading=\"lazy\" \/>\t\t\t\t\t\t\t\t\t\t\t\t\t\t\t<\/div>\n\t\t\t\t<\/div>\n\t\t\t\t<div class=\"elementor-element elementor-element-bbc409e elementor-widget elementor-widget-elementskit-heading\" data-id=\"bbc409e\" data-element_type=\"widget\" data-widget_type=\"elementskit-heading.default\">\n\t\t\t\t<div class=\"elementor-widget-container\">\n\t\t\t\t\t<div class=\"ekit-wid-con\" ><div class=\"ekit-heading elementskit-section-title-wraper text_center   ekit_heading_tablet-   ekit_heading_mobile-\"><h2 class=\"ekit-heading--title elementskit-section-title\">Orthodontics<\/h2>\t\t\t\t<div class='ekit-heading__description'>\n\t\t\t\t\t<p>Regardless of age, whether child or adult, we provide personalized solutions and treatment plans for straightening teeth, harmonizing the smile, and achieving healthy chewing function. An orthodontic appliance is necessary not only for aesthetic reasons but also for functional ones, such as difficulties in speech, chewing, or an incorrect bite. The procedure for placing dental braces is not painful; however, a mild discomfort may be felt during the first few hours after the appliance is fitted.<\/p>\n\t\t\t\t<\/div>\n\t\t\t<\/div><\/div>\t\t\t\t<\/div>\n\t\t\t\t<\/div>\n\t\t\t\t<\/div>\n\t\t<div class=\"elementor-element elementor-element-4b56e90 e-con-full e-flex e-con e-child\" data-id=\"4b56e90\" data-element_type=\"container\" data-settings=\"{&quot;background_background&quot;:&quot;classic&quot;}\">\n\t\t\t\t<div class=\"elementor-element elementor-element-1e2a4fd elementor-widget__width-initial elementor-widget elementor-widget-image\" data-id=\"1e2a4fd\" data-element_type=\"widget\" data-widget_type=\"image.default\">\n\t\t\t\t<div class=\"elementor-widget-container\">\n\t\t\t\t\t\t\t\t\t\t\t\t\t\t\t<img decoding=\"async\" src=\"https:\/\/demo.bosathemes.com\/bosa\/dental-care\/wp-content\/uploads\/sites\/113\/2024\/05\/bosa-dental-img15-48-48.png\" title=\"\" alt=\"\" loading=\"lazy\" \/>\t\t\t\t\t\t\t\t\t\t\t\t\t\t\t<\/div>\n\t\t\t\t<\/div>\n\t\t\t\t<div class=\"elementor-element elementor-element-7737ee4 elementor-widget elementor-widget-elementskit-heading\" data-id=\"7737ee4\" data-element_type=\"widget\" data-widget_type=\"elementskit-heading.default\">\n\t\t\t\t<div class=\"elementor-widget-container\">\n\t\t\t\t\t<div class=\"ekit-wid-con\" ><div class=\"ekit-heading elementskit-section-title-wraper text_center   ekit_heading_tablet-   ekit_heading_mobile-\"><h2 class=\"ekit-heading--title elementskit-section-title\">Dental Restorations<\/h2>\t\t\t\t<div class='ekit-heading__description'>\n\t\t\t\t\t<p>Smile rehabilitation and proper chewing function can be achieved with the help of dental restorations. We successfully collaborate with accredited, top-tier dental laboratories that use modern, certified materials with guaranteed quality. Together, we handle complex rehabilitation cases through implant-supported restorations, ceramic and zirconia crowns, pressed ceramic restorations, veneers, inlays, CAD-CAM manufactured restorations, laser-printed dental works, as well as the full range of partial and complete dentures, including metal framework, flexible, and silicone-based dentures.<\/p>\n\t\t\t\t<\/div>\n\t\t\t<\/div><\/div>\t\t\t\t<\/div>\n\t\t\t\t<\/div>\n\t\t\t\t<\/div>\n\t\t<div class=\"elementor-element elementor-element-f47b5f3 e-con-full e-flex e-con e-child\" data-id=\"f47b5f3\" data-element_type=\"container\" data-settings=\"{&quot;background_background&quot;:&quot;classic&quot;}\">\n\t\t\t\t<div class=\"elementor-element elementor-element-aeb5ca5 elementor-widget__width-initial elementor-widget elementor-widget-image\" data-id=\"aeb5ca5\" data-element_type=\"widget\" data-widget_type=\"image.default\">\n\t\t\t\t<div class=\"elementor-widget-container\">\n\t\t\t\t\t\t\t\t\t\t\t\t\t\t\t<img decoding=\"async\" src=\"https:\/\/demo.bosathemes.com\/bosa\/dental-care\/wp-content\/uploads\/sites\/113\/2024\/05\/bosa-dental-img13-48-48.png\" title=\"\" alt=\"\" loading=\"lazy\" \/>\t\t\t\t\t\t\t\t\t\t\t\t\t\t\t<\/div>\n\t\t\t\t<\/div>\n\t\t\t\t<div class=\"elementor-element elementor-element-17377a9 elementor-widget elementor-widget-elementskit-heading\" data-id=\"17377a9\" data-element_type=\"widget\" data-widget_type=\"elementskit-heading.default\">\n\t\t\t\t<div class=\"elementor-widget-container\">\n\t\t\t\t\t<div class=\"ekit-wid-con\" ><div class=\"ekit-heading elementskit-section-title-wraper text_center   ekit_heading_tablet-   ekit_heading_mobile-\"><h2 class=\"ekit-heading--title elementskit-section-title\">Pediatric Dentistry<\/h2>\t\t\t\t<div class='ekit-heading__description'>\n\t\t\t\t\t<p>By caring for children\u2019s teeth\u2014whether primary (baby) or permanent\u2014we help ensure healthy growth and proper chewing of both hard and soft foods, contributing to the development of a healthy adult in the future. Along with preventive education, dental prophylaxis plays a very important role. Professional cleaning, fluoride treatments, and dental sealants are services that our clinic offers per session or through subscription plans. Ask your dentist which treatment is most suitable for your child.<\/p>\n\t\t\t\t<\/div>\n\t\t\t<\/div><\/div>\t\t\t\t<\/div>\n\t\t\t\t<\/div>\n\t\t\t\t<\/div>\n\t\t\t\t\t<\/div>\n\t\t\t\t<\/div>\n\t\t\t\t\t<\/div>\n\t\t\t\t<\/div>\n\t\t\t\t<\/div>","protected":false},"excerpt":{"rendered":"<p>Serviciile noastre Chirurgie oral\u0103 Cu instrumentar modern \u0219i sterilizare conform protocolului european realiz\u0103m extrac\u021bii de din\u021bi, resturi, molari de minte cu radiografie \u00een prealabil, rezec\u021bii apicale, sinuslifting, adi\u021bii osoase precum \u0219i opera\u021bii de aplicare implanturi dentare. \u00cengrijire dentar\u0103 \u0219i igien\u0103 Cu aparatur\u0103 de ultim\u0103 genera\u021bie clinica noastr\u0103 ofer\u0103 pachete de igienizare\/detartraj periaj \u0219i tratament antiinflamator pe \u0219edin\u021b\u0103 sau abonament anual [&hellip;]<\/p>\n","protected":false},"author":1,"featured_media":0,"parent":0,"menu_order":0,"comment_status":"closed","ping_status":"closed","template":"elementor_header_footer","meta":{"footnotes":""},"class_list":["post-123","page","type-page","status-publish","hentry"],"_links":{"self":[{"href":"https:\/\/ivcodent.ro\/en\/wp-json\/wp\/v2\/pages\/123","targetHints":{"allow":["GET"]}}],"collection":[{"href":"https:\/\/ivcodent.ro\/en\/wp-json\/wp\/v2\/pages"}],"about":[{"href":"https:\/\/ivcodent.ro\/en\/wp-json\/wp\/v2\/types\/page"}],"author":[{"embeddable":true,"href":"https:\/\/ivcodent.ro\/en\/wp-json\/wp\/v2\/users\/1"}],"replies":[{"embeddable":true,"href":"https:\/\/ivcodent.ro\/en\/wp-json\/wp\/v2\/comments?post=123"}],"version-history":[{"count":74,"href":"https:\/\/ivcodent.ro\/en\/wp-json\/wp\/v2\/pages\/123\/revisions"}],"predecessor-version":[{"id":881,"href":"https:\/\/ivcodent.ro\/en\/wp-json\/wp\/v2\/pages\/123\/revisions\/881"}],"wp:attachment":[{"href":"https:\/\/ivcodent.ro\/en\/wp-json\/wp\/v2\/media?parent=123"}],"curies":[{"name":"wp","href":"https:\/\/api.w.org\/{rel}","templated":true}]}}