{"id":125,"date":"2024-05-16T05:36:50","date_gmt":"2024-05-16T05:36:50","guid":{"rendered":"https:\/\/demo.bosathemes.com\/bosa\/dental-care\/?page_id=467"},"modified":"2025-10-05T20:23:35","modified_gmt":"2025-10-05T20:23:35","slug":"about-us","status":"publish","type":"page","link":"https:\/\/ivcodent.ro\/en\/about-us\/","title":{"rendered":"About us"},"content":{"rendered":"<div data-elementor-type=\"wp-page\" data-elementor-id=\"125\" class=\"elementor elementor-125\">\n\t\t\t\t<div class=\"elementor-element elementor-element-c49598b e-flex e-con-boxed e-con e-parent\" data-id=\"c49598b\" data-element_type=\"container\" data-settings=\"{&quot;background_background&quot;:&quot;classic&quot;}\">\n\t\t\t\t\t<div class=\"e-con-inner\">\n\t\t<div class=\"elementor-element elementor-element-17123c1 e-flex e-con-boxed e-con e-child\" data-id=\"17123c1\" data-element_type=\"container\">\n\t\t\t\t\t<div class=\"e-con-inner\">\n\t\t\t\t<div class=\"elementor-element elementor-element-f8053ad elementor-widget elementor-widget-heading\" data-id=\"f8053ad\" data-element_type=\"widget\" data-widget_type=\"heading.default\">\n\t\t\t\t<div class=\"elementor-widget-container\">\n\t\t\t\t\t<h2 class=\"elementor-heading-title elementor-size-default\">About us<\/h2>\t\t\t\t<\/div>\n\t\t\t\t<\/div>\n\t\t\t\t\t<\/div>\n\t\t\t\t<\/div>\n\t\t\t\t\t<\/div>\n\t\t\t\t<\/div>\n\t\t<div class=\"elementor-element elementor-element-4ea3fff e-flex e-con-boxed e-con e-parent\" data-id=\"4ea3fff\" data-element_type=\"container\">\n\t\t\t\t\t<div class=\"e-con-inner\">\n\t\t<div class=\"elementor-element elementor-element-6440602 e-flex e-con-boxed e-con e-child\" data-id=\"6440602\" data-element_type=\"container\">\n\t\t\t\t\t<div class=\"e-con-inner\">\n\t\t<div class=\"elementor-element elementor-element-8ce6485 e-flex e-con-boxed e-con e-child\" data-id=\"8ce6485\" data-element_type=\"container\">\n\t\t\t\t\t<div class=\"e-con-inner\">\n\t\t\t\t<div class=\"elementor-element elementor-element-c60c0d1 elementor-widget elementor-widget-image\" data-id=\"c60c0d1\" data-element_type=\"widget\" data-widget_type=\"image.default\">\n\t\t\t\t<div class=\"elementor-widget-container\">\n\t\t\t\t\t\t\t\t\t\t\t\t\t\t\t<img fetchpriority=\"high\" decoding=\"async\" width=\"500\" height=\"556\" src=\"https:\/\/ivcodent.ro\/wp-content\/uploads\/2025\/08\/about-ivco-img01.jpg\" class=\"attachment-large size-large wp-image-694\" alt=\"\" srcset=\"https:\/\/ivcodent.ro\/wp-content\/uploads\/2025\/08\/about-ivco-img01.jpg 500w, https:\/\/ivcodent.ro\/wp-content\/uploads\/2025\/08\/about-ivco-img01-270x300.jpg 270w\" sizes=\"(max-width: 500px) 100vw, 500px\" \/>\t\t\t\t\t\t\t\t\t\t\t\t\t\t\t<\/div>\n\t\t\t\t<\/div>\n\t\t\t\t\t<\/div>\n\t\t\t\t<\/div>\n\t\t<div class=\"elementor-element elementor-element-f93faf5 e-flex e-con-boxed e-con e-child\" data-id=\"f93faf5\" data-element_type=\"container\">\n\t\t\t\t\t<div class=\"e-con-inner\">\n\t\t\t\t<div class=\"elementor-element elementor-element-8b30a6b elementor-widget elementor-widget-elementskit-heading\" data-id=\"8b30a6b\" data-element_type=\"widget\" data-widget_type=\"elementskit-heading.default\">\n\t\t\t\t<div class=\"elementor-widget-container\">\n\t\t\t\t\t<div class=\"ekit-wid-con\" ><div class=\"ekit-heading elementskit-section-title-wraper text_left   ekit_heading_tablet-text_center   ekit_heading_mobile-\"><h3 class=\"elementskit-section-subtitle\">\n\t\t\t\t\t\tAbout us\n\t\t\t\t\t<\/h3><h2 class=\"ekit-heading--title elementskit-section-title\">The best dental care you can trust<\/h2>\t\t\t\t<div class='ekit-heading__description'>\n\t\t\t\t\t<p>Ivcodent dental office has a tradition of over 40 years in the dental field, offering a wide range of dental services. The company IVCODENT SRL, which manages the practice, was established in 1991 by the reputed dentist Dr. Ivaniuc Conciu Valentin.<\/p>\n\t\t\t\t<\/div>\n\t\t\t<\/div><\/div>\t\t\t\t<\/div>\n\t\t\t\t<\/div>\n\t\t<div class=\"elementor-element elementor-element-830d802 e-flex e-con-boxed e-con e-child\" data-id=\"830d802\" data-element_type=\"container\" data-settings=\"{&quot;background_background&quot;:&quot;classic&quot;}\">\n\t\t\t\t\t<div class=\"e-con-inner\">\n\t\t\t\t<div class=\"elementor-element elementor-element-6bd456e elementor-widget elementor-widget-text-editor\" data-id=\"6bd456e\" data-element_type=\"widget\" data-widget_type=\"text-editor.default\">\n\t\t\t\t<div class=\"elementor-widget-container\">\n\t\t\t\t\t\t\t\t\t<p>\u201eAt Ivcodent, every smile counts!\u201d - We await you with premium services, advanced technology and a new medical team dedicated to your beauty and health.<\/p>\t\t\t\t\t\t\t\t<\/div>\n\t\t\t\t<\/div>\n\t\t<div class=\"elementor-element elementor-element-afcc97c e-flex e-con-boxed e-con e-child\" data-id=\"afcc97c\" data-element_type=\"container\">\n\t\t\t\t\t<div class=\"e-con-inner\">\n\t\t\t\t<div class=\"elementor-element elementor-element-a3e0606 elementor-position-left elementor-vertical-align-middle elementor-widget__width-initial elementor-widget-mobile__width-inherit elementor-widget elementor-widget-image-box\" data-id=\"a3e0606\" data-element_type=\"widget\" data-widget_type=\"image-box.default\">\n\t\t\t\t<div class=\"elementor-widget-container\">\n\t\t\t\t\t<div class=\"elementor-image-box-wrapper\"><figure class=\"elementor-image-box-img\"><img decoding=\"async\" width=\"500\" height=\"500\" src=\"https:\/\/ivcodent.ro\/wp-content\/uploads\/2025\/04\/dr-bartis-adalbert.jpg\" class=\"attachment-full size-full wp-image-347\" alt=\"\" srcset=\"https:\/\/ivcodent.ro\/wp-content\/uploads\/2025\/04\/dr-bartis-adalbert.jpg 500w, https:\/\/ivcodent.ro\/wp-content\/uploads\/2025\/04\/dr-bartis-adalbert-300x300.jpg 300w, https:\/\/ivcodent.ro\/wp-content\/uploads\/2025\/04\/dr-bartis-adalbert-150x150.jpg 150w, https:\/\/ivcodent.ro\/wp-content\/uploads\/2025\/04\/dr-bartis-adalbert-100x100.jpg 100w\" sizes=\"(max-width: 500px) 100vw, 500px\" \/><\/figure><div class=\"elementor-image-box-content\"><h3 class=\"elementor-image-box-title\">Dr. Adalbert Bartis<\/h3><p class=\"elementor-image-box-description\">CEO &amp; Founder<\/p><\/div><\/div>\t\t\t\t<\/div>\n\t\t\t\t<\/div>\n\t\t\t\t<div class=\"elementor-element elementor-element-7de6ce2 elementor-widget elementor-widget-image\" data-id=\"7de6ce2\" data-element_type=\"widget\" data-widget_type=\"image.default\">\n\t\t\t\t<div class=\"elementor-widget-container\">\n\t\t\t\t\t\t\t\t\t\t\t\t\t\t\t<img decoding=\"async\" src=\"https:\/\/demo.bosathemes.com\/bosa\/dental-care\/wp-content\/uploads\/sites\/113\/2024\/05\/signiture.png\" title=\"\" alt=\"\" loading=\"lazy\" \/>\t\t\t\t\t\t\t\t\t\t\t\t\t\t\t<\/div>\n\t\t\t\t<\/div>\n\t\t\t\t\t<\/div>\n\t\t\t\t<\/div>\n\t\t\t\t\t<\/div>\n\t\t\t\t<\/div>\n\t\t\t\t\t<\/div>\n\t\t\t\t<\/div>\n\t\t\t\t\t<\/div>\n\t\t\t\t<\/div>\n\t\t<div class=\"elementor-element elementor-element-1da03f3 e-flex e-con-boxed e-con e-child\" data-id=\"1da03f3\" data-element_type=\"container\">\n\t\t\t\t\t<div class=\"e-con-inner\">\n\t\t<div class=\"elementor-element elementor-element-2bf6d49 e-flex e-con-boxed e-con e-child\" data-id=\"2bf6d49\" data-element_type=\"container\">\n\t\t\t\t\t<div class=\"e-con-inner\">\n\t\t\t\t<div class=\"elementor-element elementor-element-d776edd elementor-widget elementor-widget-elementskit-heading\" data-id=\"d776edd\" data-element_type=\"widget\" data-widget_type=\"elementskit-heading.default\">\n\t\t\t\t<div class=\"elementor-widget-container\">\n\t\t\t\t\t<div class=\"ekit-wid-con\" ><div class=\"ekit-heading elementskit-section-title-wraper text_left   ekit_heading_tablet-text_center   ekit_heading_mobile-\"><h3 class=\"elementskit-section-subtitle\">\n\t\t\t\t\t\tHistory\n\t\t\t\t\t<\/h3><h2 class=\"ekit-heading--title elementskit-section-title\">Our story<\/h2>\t\t\t\t<div class='ekit-heading__description'>\n\t\t\t\t\t<p>Conceived as a family business, Ivcodent Sinaia clinic offers a full range of dental services, including implants and surgical treatments, pedodontic and orthodontic treatments. Our team continues the tradition of the founders, treats each patient with the utmost care and attention, collaborating to achieve the most personalized treatment plan and solving each individual case.<\/p>\n<p>\u00a0<\/p>\n\t\t\t\t<\/div>\n\t\t\t<\/div><\/div>\t\t\t\t<\/div>\n\t\t\t\t<\/div>\n\t\t<div class=\"elementor-element elementor-element-e5edf14 e-flex e-con-boxed e-con e-child\" data-id=\"e5edf14\" data-element_type=\"container\">\n\t\t\t\t\t<div class=\"e-con-inner\">\n\t\t\t\t<div class=\"elementor-element elementor-element-ed87bab elementor-widget__width-initial elementor-widget-mobile__width-inherit elementor-widget elementor-widget-elementskit-heading\" data-id=\"ed87bab\" data-element_type=\"widget\" data-widget_type=\"elementskit-heading.default\">\n\t\t\t\t<div class=\"elementor-widget-container\">\n\t\t\t\t\t<div class=\"ekit-wid-con\" ><div class=\"ekit-heading elementskit-section-title-wraper text_left   ekit_heading_tablet-   ekit_heading_mobile-\"><h2 class=\"ekit-heading--title elementskit-section-title\">Cosmetic dentistry:<\/h2>\t\t\t\t<div class='ekit-heading__description'>\n\t\t\t\t\t<p>state-of-the-art treatments that are able to erase the signs of dental ageing.<\/p>\n\t\t\t\t<\/div>\n\t\t\t<\/div><\/div>\t\t\t\t<\/div>\n\t\t\t\t<\/div>\n\t\t\t\t<div class=\"elementor-element elementor-element-3453eaf elementor-widget__width-initial elementor-widget-mobile__width-inherit elementor-widget elementor-widget-elementskit-heading\" data-id=\"3453eaf\" data-element_type=\"widget\" data-widget_type=\"elementskit-heading.default\">\n\t\t\t\t<div class=\"elementor-widget-container\">\n\t\t\t\t\t<div class=\"ekit-wid-con\" ><div class=\"ekit-heading elementskit-section-title-wraper text_left   ekit_heading_tablet-   ekit_heading_mobile-\"><h2 class=\"ekit-heading--title elementskit-section-title\">Dental surgery<\/h2>\t\t\t\t<div class='ekit-heading__description'>\n\t\t\t\t\t<p>a set of treatments for repairing and correcting teeth.<\/p>\n\t\t\t\t<\/div>\n\t\t\t<\/div><\/div>\t\t\t\t<\/div>\n\t\t\t\t<\/div>\n\t\t\t\t\t<\/div>\n\t\t\t\t<\/div>\n\t\t<div class=\"elementor-element elementor-element-b774fca e-flex e-con-boxed e-con e-child\" data-id=\"b774fca\" data-element_type=\"container\">\n\t\t\t\t\t<div class=\"e-con-inner\">\n\t\t\t\t<div class=\"elementor-element elementor-element-92ded3e elementor-widget__width-initial elementor-widget-mobile__width-inherit elementor-widget elementor-widget-elementskit-heading\" data-id=\"92ded3e\" data-element_type=\"widget\" data-widget_type=\"elementskit-heading.default\">\n\t\t\t\t<div class=\"elementor-widget-container\">\n\t\t\t\t\t<div class=\"ekit-wid-con\" ><div class=\"ekit-heading elementskit-section-title-wraper text_left   ekit_heading_tablet-   ekit_heading_mobile-\"><h2 class=\"ekit-heading--title elementskit-section-title\">Dental implants<\/h2>\t\t\t\t<div class='ekit-heading__description'>\n\t\t\t\t\t<p>the best natural tooth root replacement solution and optimal tooth replacement treatment.<\/p>\n\t\t\t\t<\/div>\n\t\t\t<\/div><\/div>\t\t\t\t<\/div>\n\t\t\t\t<\/div>\n\t\t\t\t<div class=\"elementor-element elementor-element-1966f07 elementor-widget__width-initial elementor-widget-mobile__width-inherit elementor-widget elementor-widget-elementskit-heading\" data-id=\"1966f07\" data-element_type=\"widget\" data-widget_type=\"elementskit-heading.default\">\n\t\t\t\t<div class=\"elementor-widget-container\">\n\t\t\t\t\t<div class=\"ekit-wid-con\" ><div class=\"ekit-heading elementskit-section-title-wraper text_left   ekit_heading_tablet-   ekit_heading_mobile-\"><h2 class=\"ekit-heading--title elementskit-section-title\">Dental treatments<\/h2>\t\t\t\t<div class='ekit-heading__description'>\n\t\t\t\t\t<p>procedures that restore the original shape and structure of the tooth, affected by decay or other damage.<\/p>\n\t\t\t\t<\/div>\n\t\t\t<\/div><\/div>\t\t\t\t<\/div>\n\t\t\t\t<\/div>\n\t\t\t\t\t<\/div>\n\t\t\t\t<\/div>\n\t\t\t\t\t<\/div>\n\t\t\t\t<\/div>\n\t\t<div class=\"elementor-element elementor-element-f7bf954 e-flex e-con-boxed e-con e-child\" data-id=\"f7bf954\" data-element_type=\"container\" data-settings=\"{&quot;background_background&quot;:&quot;classic&quot;}\">\n\t\t\t\t\t<div class=\"e-con-inner\">\n\t\t\t\t<div class=\"elementor-element elementor-element-cde08a9 elementor-widget elementor-widget-spacer\" data-id=\"cde08a9\" data-element_type=\"widget\" data-widget_type=\"spacer.default\">\n\t\t\t\t<div class=\"elementor-widget-container\">\n\t\t\t\t\t\t\t<div class=\"elementor-spacer\">\n\t\t\t<div class=\"elementor-spacer-inner\"><\/div>\n\t\t<\/div>\n\t\t\t\t\t\t<\/div>\n\t\t\t\t<\/div>\n\t\t\t\t<div class=\"elementor-element elementor-element-733e378 elementor-widget elementor-widget-spacer\" data-id=\"733e378\" data-element_type=\"widget\" data-widget_type=\"spacer.default\">\n\t\t\t\t<div class=\"elementor-widget-container\">\n\t\t\t\t\t\t\t<div class=\"elementor-spacer\">\n\t\t\t<div class=\"elementor-spacer-inner\"><\/div>\n\t\t<\/div>\n\t\t\t\t\t\t<\/div>\n\t\t\t\t<\/div>\n\t\t\t\t<div class=\"elementor-element elementor-element-07af2f4 elementor-widget elementor-widget-elementskit-video\" data-id=\"07af2f4\" data-element_type=\"widget\" data-widget_type=\"elementskit-video.default\">\n\t\t\t\t<div class=\"elementor-widget-container\">\n\t\t\t\t\t<div class=\"ekit-wid-con\" >\t\t<div class=\"video-content\" data-video-player=\"[]\" data-video-setting=\"{&quot;videoVolume&quot;:&quot;horizontal&quot;,&quot;startVolume&quot;:0.8000000000000000444089209850062616169452667236328125,&quot;videoType&quot;:&quot;iframe&quot;,&quot;videoClass&quot;:&quot;mfp-fade&quot;}\">\n\t\t\t\n<a class=\"ekit_icon_button glow-btn ekit-video-popup ekit-video-popup-btn\" href=\"https:\/\/www.youtube.com\/embed\/nSdz6ShV4iA?feature=oembed?playlist=nSdz6ShV4iA&amp;mute=0&amp;autoplay=1&amp;loop=no&amp;controls=1&amp;start=1&amp;end=\" aria-label=\"video-popup\">\n\t\t\t\t<i aria-hidden=\"true\" class=\"icon icon-play-button\"><\/i>\t\t<\/a>\n\t\t\t\t\t<\/div>\n\t\t<\/div>\t\t\t\t<\/div>\n\t\t\t\t<\/div>\n\t\t\t\t\t<\/div>\n\t\t\t\t<\/div>\n\t\t\t\t\t<\/div>\n\t\t\t\t<\/div>\n\t\t\t\t\t<\/div>\n\t\t\t\t<\/div>\n\t\t\t\t<\/div>","protected":false},"excerpt":{"rendered":"<p>Despre noi Despre noi Cea mai bun\u0103 \u00eengrijire dentar\u0103 \u00een care po\u021bi avea \u00eencredere Cabinetul stomatologic Ivcodent are o tradi\u021bie de peste 40 de ani \u00een domeniul stomatologic, oferind o gam\u0103 variat\u0103 de servicii dentare. Firma IVCODENT SRL, care administreaz\u0103 cabinetul, a fost \u00eenfiin\u021bat\u0103 \u00een anul 1991 de reputatul doctor stomatolog Ivaniuc Conciu Valentin. &#8222;La Ivcodent, fiecare z\u00e2mbet conteaz\u0103!&#8221; &#8211; [&hellip;]<\/p>\n","protected":false},"author":1,"featured_media":0,"parent":0,"menu_order":0,"comment_status":"closed","ping_status":"closed","template":"elementor_header_footer","meta":{"footnotes":""},"class_list":["post-125","page","type-page","status-publish","hentry"],"_links":{"self":[{"href":"https:\/\/ivcodent.ro\/en\/wp-json\/wp\/v2\/pages\/125","targetHints":{"allow":["GET"]}}],"collection":[{"href":"https:\/\/ivcodent.ro\/en\/wp-json\/wp\/v2\/pages"}],"about":[{"href":"https:\/\/ivcodent.ro\/en\/wp-json\/wp\/v2\/types\/page"}],"author":[{"embeddable":true,"href":"https:\/\/ivcodent.ro\/en\/wp-json\/wp\/v2\/users\/1"}],"replies":[{"embeddable":true,"href":"https:\/\/ivcodent.ro\/en\/wp-json\/wp\/v2\/comments?post=125"}],"version-history":[{"count":107,"href":"https:\/\/ivcodent.ro\/en\/wp-json\/wp\/v2\/pages\/125\/revisions"}],"predecessor-version":[{"id":802,"href":"https:\/\/ivcodent.ro\/en\/wp-json\/wp\/v2\/pages\/125\/revisions\/802"}],"wp:attachment":[{"href":"https:\/\/ivcodent.ro\/en\/wp-json\/wp\/v2\/media?parent=125"}],"curies":[{"name":"wp","href":"https:\/\/api.w.org\/{rel}","templated":true}]}}